{"id":31,"date":"2020-12-07T11:20:34","date_gmt":"2020-12-07T11:20:34","guid":{"rendered":"http:\/\/psicologopablo.com\/?page_id=31"},"modified":"2023-12-05T18:06:22","modified_gmt":"2023-12-05T18:06:22","slug":"inicio","status":"publish","type":"page","link":"https:\/\/www.psicologopablo.com\/","title":{"rendered":"Pablo Psic\u00f3logo en Ponferrada"},"content":{"rendered":"\n<p>Bienvenido. Bienvenida a mi p\u00e1gina web. Soy Pablo Fern\u00e1ndez, <strong>tu psic\u00f3logo en Ponferrada<\/strong>, y estoy aqu\u00ed para acompa\u00f1arte en tu viaje hacia el bienestar emocional. Con una s\u00f3lida formaci\u00f3n en psicolog\u00eda cl\u00ednica y una profunda empat\u00eda, estoy comprometido a proporcionarte un espacio seguro donde puedas explorar y superar los desaf\u00edos que enfrentas.<\/p>\n\n\n\n<p>Has llegado hasta aqu\u00ed, de una manera u otra, los caminos acaban por llevarnos a un determinado lugar o a una determinada persona.<\/p>\n\n\n\n<p>Te invito a explorar este lugar, tomarte tu tiempo.<\/p>\n","protected":false},"excerpt":{"rendered":"<p>Bienvenido. Bienvenida a mi p\u00e1gina web. Soy Pablo Fern\u00e1ndez, tu psic\u00f3logo en Ponferrada, y estoy aqu\u00ed para acompa\u00f1arte en tu viaje hacia el bienestar emocional. Con una s\u00f3lida formaci\u00f3n en psicolog\u00eda cl\u00ednica y una profunda empat\u00eda, estoy comprometido a proporcionarte un espacio seguro donde puedas explorar y superar los desaf\u00edos que enfrentas. Has llegado hasta &hellip; <\/p>\n<p class=\"link-more\"><a href=\"https:\/\/www.psicologopablo.com\/\" class=\"more-link\">Continuar leyendo<span class=\"screen-reader-text\"> \u00abPablo Psic\u00f3logo en Ponferrada\u00bb<\/span><\/a><\/p>\n","protected":false},"author":1,"featured_media":0,"parent":0,"menu_order":0,"comment_status":"closed","ping_status":"closed","template":"","meta":{"_monsterinsights_skip_tracking":false,"_monsterinsights_sitenote_active":false,"_monsterinsights_sitenote_note":"","_monsterinsights_sitenote_category":0,"footnotes":""},"_links":{"self":[{"href":"https:\/\/www.psicologopablo.com\/index.php\/wp-json\/wp\/v2\/pages\/31"}],"collection":[{"href":"https:\/\/www.psicologopablo.com\/index.php\/wp-json\/wp\/v2\/pages"}],"about":[{"href":"https:\/\/www.psicologopablo.com\/index.php\/wp-json\/wp\/v2\/types\/page"}],"author":[{"embeddable":true,"href":"https:\/\/www.psicologopablo.com\/index.php\/wp-json\/wp\/v2\/users\/1"}],"replies":[{"embeddable":true,"href":"https:\/\/www.psicologopablo.com\/index.php\/wp-json\/wp\/v2\/comments?post=31"}],"version-history":[{"count":8,"href":"https:\/\/www.psicologopablo.com\/index.php\/wp-json\/wp\/v2\/pages\/31\/revisions"}],"predecessor-version":[{"id":277,"href":"https:\/\/www.psicologopablo.com\/index.php\/wp-json\/wp\/v2\/pages\/31\/revisions\/277"}],"wp:attachment":[{"href":"https:\/\/www.psicologopablo.com\/index.php\/wp-json\/wp\/v2\/media?parent=31"}],"curies":[{"name":"wp","href":"https:\/\/api.w.org\/{rel}","templated":true}]}}