{"id":25,"date":"2020-12-07T11:20:34","date_gmt":"2020-12-07T11:20:34","guid":{"rendered":"http:\/\/psicologopablo.com\/?page_id=25"},"modified":"2023-12-05T18:05:54","modified_gmt":"2023-12-05T18:05:54","slug":"contacto","status":"publish","type":"page","link":"https:\/\/www.psicologopablo.com\/index.php\/contacto\/","title":{"rendered":"Contacto"},"content":{"rendered":"\n<p>Bienvenido a Psicoterapia Pablo, tu recurso confiable y cercano de apoyo psicol\u00f3gico en Ponferrada.  Mi enfoque humanista busca comprender y acompa\u00f1ar a cada individuo en su totalidad. Descubre c\u00f3mo la psicoterapia puede ser la clave para tu bienestar emocional. \u00a1Cont\u00e1ctame sin compromiso y emprendamos juntos este camino hacia una vida m\u00e1s plena!<\/p>\n\n\n\n<p><strong>Direcci\u00f3n<\/strong>:<br>C. Mateo Garza, 35, Entreplanta, 24403 Ponferrada, Le\u00f3n<\/p>\n\n\n\n<p><strong>Tel\u00e9fono<\/strong>:<br>Ll\u00e1manos sin compromiso al 657 09 93 75 para abordar tus inquietudes y descubrir c\u00f3mo la psicoterapia puede ser tu aliada en el camino hacia el bienestar.<\/p>\n\n\n\n<p><strong>Correo Electr\u00f3nico:<br><\/strong>Para cualquier pregunta o aclaraci\u00f3n, no dudes en escribir a:<br>pabloponfe@hotmail.com<\/p>\n\n\n\n<p><strong>Instagram<\/strong>:<br>Sigue nuestro trabajo y descubre m\u00e1s sobre la psicoterapia en Ponferrada a trav\u00e9s de nuestro perfil en Instagram:<br><a href=\"https:\/\/www.instagram.com\/psicoterapiapablo\/\" target=\"_blank\" rel=\"noopener\">PsicoterapiaPablo<\/a><\/p>\n\n\n\n<p><\/p>\n","protected":false},"excerpt":{"rendered":"<p>Bienvenido a Psicoterapia Pablo, tu recurso confiable y cercano de apoyo psicol\u00f3gico en Ponferrada. Mi enfoque humanista busca comprender y acompa\u00f1ar a cada individuo en su totalidad. Descubre c\u00f3mo la psicoterapia puede ser la clave para tu bienestar emocional. \u00a1Cont\u00e1ctame sin compromiso y emprendamos juntos este camino hacia una vida m\u00e1s plena! Direcci\u00f3n:C. Mateo Garza, &hellip; <\/p>\n<p class=\"link-more\"><a href=\"https:\/\/www.psicologopablo.com\/index.php\/contacto\/\" class=\"more-link\">Continuar leyendo<span class=\"screen-reader-text\"> \u00abContacto\u00bb<\/span><\/a><\/p>\n","protected":false},"author":1,"featured_media":90,"parent":0,"menu_order":0,"comment_status":"closed","ping_status":"closed","template":"","meta":{"_monsterinsights_skip_tracking":false,"_monsterinsights_sitenote_active":false,"_monsterinsights_sitenote_note":"","_monsterinsights_sitenote_category":0,"footnotes":""},"_links":{"self":[{"href":"https:\/\/www.psicologopablo.com\/index.php\/wp-json\/wp\/v2\/pages\/25"}],"collection":[{"href":"https:\/\/www.psicologopablo.com\/index.php\/wp-json\/wp\/v2\/pages"}],"about":[{"href":"https:\/\/www.psicologopablo.com\/index.php\/wp-json\/wp\/v2\/types\/page"}],"author":[{"embeddable":true,"href":"https:\/\/www.psicologopablo.com\/index.php\/wp-json\/wp\/v2\/users\/1"}],"replies":[{"embeddable":true,"href":"https:\/\/www.psicologopablo.com\/index.php\/wp-json\/wp\/v2\/comments?post=25"}],"version-history":[{"count":5,"href":"https:\/\/www.psicologopablo.com\/index.php\/wp-json\/wp\/v2\/pages\/25\/revisions"}],"predecessor-version":[{"id":279,"href":"https:\/\/www.psicologopablo.com\/index.php\/wp-json\/wp\/v2\/pages\/25\/revisions\/279"}],"wp:featuredmedia":[{"embeddable":true,"href":"https:\/\/www.psicologopablo.com\/index.php\/wp-json\/wp\/v2\/media\/90"}],"wp:attachment":[{"href":"https:\/\/www.psicologopablo.com\/index.php\/wp-json\/wp\/v2\/media?parent=25"}],"curies":[{"name":"wp","href":"https:\/\/api.w.org\/{rel}","templated":true}]}}