{"id":24,"date":"2020-12-07T11:20:34","date_gmt":"2020-12-07T11:20:34","guid":{"rendered":"http:\/\/psicologopablo.com\/?page_id=24"},"modified":"2023-12-05T17:45:43","modified_gmt":"2023-12-05T17:45:43","slug":"acerca-de","status":"publish","type":"page","link":"https:\/\/www.psicologopablo.com\/index.php\/acerca-de\/","title":{"rendered":"Sobre la Terapia"},"content":{"rendered":"\n<p>Si a\u00fan no has experimentado el poder transformador de la terapia, te incito sinceramente a dar ese primer paso hacia una experiencia enriquecedora y personal. Este viaje no solo te proporcionar\u00e1 valiosas herramientas para enfrentar los desaf\u00edos de la vida, sino que tambi\u00e9n te permitir\u00e1 conocerte a un nivel m\u00e1s profundo.<\/p>\n\n\n\n<p>Como profesional con un enfoque humanista, mi compromiso es entenderte en toda tu integridad como INDIVIDUO, alej\u00e1ndome de la visi\u00f3n que te reduce a un simple problema o etiqueta de enfermedad. En mi perspectiva, mereces todo mi respeto sin prejuicios, porque creo fervientemente en tu capacidad intr\u00ednseca de superaci\u00f3n y crecimiento. Esta creencia se mantiene firme, independientemente de los momentos alegres o desafiantes que la vida nos presente.<\/p>\n\n\n\n<p>A medida que trabajamos juntos a lo largo de este viaje, nos embarcaremos en la creaci\u00f3n de un v\u00ednculo s\u00f3lido y de confianza. Este v\u00ednculo no solo facilitar\u00e1 la exploraci\u00f3n de tus pensamientos y emociones, sino que tambi\u00e9n nos guiar\u00e1 hacia la identificaci\u00f3n de causas y soluciones, brind\u00e1ndonos lecciones valiosas que aplicaremos en la traves\u00eda de la vida.<\/p>\n\n\n\n<p>La terapia se convierte as\u00ed en un aliado fundamental en la b\u00fasqueda de un bienestar emocional duradero. Descubre c\u00f3mo este proceso no solo te ayuda a sentirte bien en el presente, sino que tambi\u00e9n sienta las bases para un crecimiento continuo y significativo. \u00a1Da el paso hacia una vida m\u00e1s plena y aut\u00e9ntica!<\/p>\n","protected":false},"excerpt":{"rendered":"<p>Si a\u00fan no has experimentado el poder transformador de la terapia, te incito sinceramente a dar ese primer paso hacia una experiencia enriquecedora y personal. Este viaje no solo te proporcionar\u00e1 valiosas herramientas para enfrentar los desaf\u00edos de la vida, sino que tambi\u00e9n te permitir\u00e1 conocerte a un nivel m\u00e1s profundo. Como profesional con un &hellip; <\/p>\n<p class=\"link-more\"><a href=\"https:\/\/www.psicologopablo.com\/index.php\/acerca-de\/\" class=\"more-link\">Continuar leyendo<span class=\"screen-reader-text\"> \u00abSobre la Terapia\u00bb<\/span><\/a><\/p>\n","protected":false},"author":1,"featured_media":0,"parent":0,"menu_order":0,"comment_status":"closed","ping_status":"closed","template":"","meta":{"_monsterinsights_skip_tracking":false,"_monsterinsights_sitenote_active":false,"_monsterinsights_sitenote_note":"","_monsterinsights_sitenote_category":0,"footnotes":""},"_links":{"self":[{"href":"https:\/\/www.psicologopablo.com\/index.php\/wp-json\/wp\/v2\/pages\/24"}],"collection":[{"href":"https:\/\/www.psicologopablo.com\/index.php\/wp-json\/wp\/v2\/pages"}],"about":[{"href":"https:\/\/www.psicologopablo.com\/index.php\/wp-json\/wp\/v2\/types\/page"}],"author":[{"embeddable":true,"href":"https:\/\/www.psicologopablo.com\/index.php\/wp-json\/wp\/v2\/users\/1"}],"replies":[{"embeddable":true,"href":"https:\/\/www.psicologopablo.com\/index.php\/wp-json\/wp\/v2\/comments?post=24"}],"version-history":[{"count":6,"href":"https:\/\/www.psicologopablo.com\/index.php\/wp-json\/wp\/v2\/pages\/24\/revisions"}],"predecessor-version":[{"id":267,"href":"https:\/\/www.psicologopablo.com\/index.php\/wp-json\/wp\/v2\/pages\/24\/revisions\/267"}],"wp:attachment":[{"href":"https:\/\/www.psicologopablo.com\/index.php\/wp-json\/wp\/v2\/media?parent=24"}],"curies":[{"name":"wp","href":"https:\/\/api.w.org\/{rel}","templated":true}]}}